{"id":41,"date":"2025-09-10T11:23:50","date_gmt":"2025-09-10T09:23:50","guid":{"rendered":"https:\/\/demo1.failed-society.eu\/?page_id=41"},"modified":"2025-11-13T09:54:17","modified_gmt":"2025-11-13T08:54:17","slug":"datenschutzerklaerung","status":"publish","type":"page","link":"https:\/\/garagehohenlimburg.de\/index.php\/datenschutzerklaerung\/","title":{"rendered":"Datenschutzerkl\u00e4rung"},"content":{"rendered":"\n<h2 class=\"wp-block-heading\"><\/h2>\n\n\n\n<h2 class=\"wp-block-heading\">1. Verantwortlicher<\/h2>\n\n\n\n<p><strong>Garage Hohenlimburg GmbH<\/strong><br>Iserlohner Stra\u00dfe 34<br>58119 Hagen<br>Deutschland<\/p>\n\n\n\n<p>Telefon: 02334 2012<br>E-Mail: <a>info@garagehohenlimburg.de<\/a><\/p>\n\n\n\n<p>Vertreten durch den Gesch\u00e4ftsf\u00fchrer: <strong>Herr Maximilian Gehrke<\/strong><\/p>\n\n\n\n<hr class=\"wp-block-separator has-alpha-channel-opacity\"\/>\n\n\n\n<h2 class=\"wp-block-heading\">2. Allgemeines zur Datenverarbeitung<\/h2>\n\n\n\n<p>Wir nehmen den Schutz Ihrer pers\u00f6nlichen Daten sehr ernst. Personenbezogene Daten werden vertraulich und entsprechend den gesetzlichen Datenschutzvorschriften (insbesondere DSGVO und BDSG) behandelt.<\/p>\n\n\n\n<p>Die Nutzung unserer Website ist grunds\u00e4tzlich ohne Angabe personenbezogener Daten m\u00f6glich. Soweit auf unseren Seiten personenbezogene Daten (z. B. Name, Anschrift, E-Mail-Adresse) erhoben werden, erfolgt dies \u2013 soweit m\u00f6glich \u2013 stets auf freiwilliger Basis. Diese Daten werden ohne Ihre ausdr\u00fcckliche Zustimmung nicht an Dritte weitergegeben.<\/p>\n\n\n\n<hr class=\"wp-block-separator has-alpha-channel-opacity\"\/>\n\n\n\n<h2 class=\"wp-block-heading\">3. Server-Log-Dateien<\/h2>\n\n\n\n<p>Der Provider der Website erhebt und speichert automatisch Informationen in sogenannten Server-Log-Dateien, die Ihr Browser automatisch an uns \u00fcbermittelt. Dies sind:<\/p>\n\n\n\n<ul class=\"wp-block-list\">\n<li>Browsertyp und Browserversion<\/li>\n\n\n\n<li>verwendetes Betriebssystem<\/li>\n\n\n\n<li>Referrer URL<\/li>\n\n\n\n<li>Hostname des zugreifenden Rechners<\/li>\n\n\n\n<li>Uhrzeit der Serveranfrage<\/li>\n\n\n\n<li>IP-Adresse<\/li>\n<\/ul>\n\n\n\n<p>Eine Zusammenf\u00fchrung dieser Daten mit anderen Datenquellen wird nicht vorgenommen.<br>Grundlage f\u00fcr die Datenverarbeitung ist Art. 6 Abs. 1 lit. f DSGVO (berechtigtes Interesse an der sicheren Bereitstellung der Website).<\/p>\n\n\n\n<hr class=\"wp-block-separator has-alpha-channel-opacity\"\/>\n\n\n\n<h2 class=\"wp-block-heading\">4. Kontaktaufnahme per E-Mail oder Kontaktformular<\/h2>\n\n\n\n<p>Wenn Sie uns per E-Mail oder \u00fcber ein Formular kontaktieren, werden Ihre Angaben zwecks Bearbeitung der Anfrage und f\u00fcr den Fall von Anschlussfragen gespeichert.<br>Diese Daten geben wir nicht ohne Ihre Einwilligung weiter.<\/p>\n\n\n\n<p>Rechtsgrundlage der Verarbeitung ist Art. 6 Abs. 1 lit. b DSGVO (Vertragserf\u00fcllung bzw. vorvertragliche Ma\u00dfnahmen) oder Art. 6 Abs. 1 lit. a DSGVO (Einwilligung).<\/p>\n\n\n\n<hr class=\"wp-block-separator has-alpha-channel-opacity\"\/>\n\n\n\n<h2 class=\"wp-block-heading\">5. Weitergabe von Daten<\/h2>\n\n\n\n<p>Eine \u00dcbermittlung Ihrer pers\u00f6nlichen Daten an Dritte findet nur statt, wenn dies gesetzlich erlaubt ist, Sie ausdr\u00fccklich eingewilligt haben oder es zur Vertragserf\u00fcllung erforderlich ist (z. B. an Dienstleister, die in unserem Auftrag handeln, wie IT- oder Hosting-Partner).<\/p>\n\n\n\n<hr class=\"wp-block-separator has-alpha-channel-opacity\"\/>\n\n\n\n<h2 class=\"wp-block-heading\">6. Cookies<\/h2>\n\n\n\n<p>Unsere Website verwendet in der Regel keine Cookies, die personenbezogene Daten speichern.<br>Sollten technisch notwendige Cookies eingesetzt werden, dienen diese ausschlie\u00dflich der Funktionalit\u00e4t der Website und basieren auf Art. 6 Abs. 1 lit. f DSGVO.<\/p>\n\n\n\n<hr class=\"wp-block-separator has-alpha-channel-opacity\"\/>\n\n\n\n<h2 class=\"wp-block-heading\">7. Rechte der betroffenen Person<\/h2>\n\n\n\n<p>Sie haben jederzeit das Recht auf:<\/p>\n\n\n\n<ul class=\"wp-block-list\">\n<li>Auskunft \u00fcber Ihre gespeicherten Daten (Art. 15 DSGVO)<\/li>\n\n\n\n<li>Berichtigung unrichtiger Daten (Art. 16 DSGVO)<\/li>\n\n\n\n<li>L\u00f6schung (\u201eRecht auf Vergessenwerden\u201c, Art. 17 DSGVO)<\/li>\n\n\n\n<li>Einschr\u00e4nkung der Verarbeitung (Art. 18 DSGVO)<\/li>\n\n\n\n<li>Daten\u00fcbertragbarkeit (Art. 20 DSGVO)<\/li>\n\n\n\n<li>Widerspruch gegen die Verarbeitung (Art. 21 DSGVO)<\/li>\n<\/ul>\n\n\n\n<p>Zudem steht Ihnen ein <strong>Beschwerderecht bei einer Aufsichtsbeh\u00f6rde<\/strong> zu, insbesondere bei der<br>Landesbeauftragten f\u00fcr Datenschutz und Informationsfreiheit Nordrhein-Westfalen (LDI NRW).<\/p>\n\n\n\n<hr class=\"wp-block-separator has-alpha-channel-opacity\"\/>\n\n\n\n<h2 class=\"wp-block-heading\">8. Datensicherheit<\/h2>\n\n\n\n<p>Wir verwenden technische und organisatorische Sicherheitsma\u00dfnahmen, um Ihre Daten gegen Manipulation, Verlust, Zerst\u00f6rung oder unbefugten Zugriff zu sch\u00fctzen. Unsere Sicherheitsma\u00dfnahmen werden entsprechend der technologischen Entwicklung fortlaufend verbessert.<\/p>\n\n\n\n<hr class=\"wp-block-separator has-alpha-channel-opacity\"\/>\n\n\n\n<h2 class=\"wp-block-heading\">9. Aktualit\u00e4t und \u00c4nderung dieser Datenschutzerkl\u00e4rung<\/h2>\n\n\n\n<p>Diese Datenschutzerkl\u00e4rung ist aktuell g\u00fcltig (Stand: <strong>November 2025<\/strong>).<br>Wir behalten uns vor, diese Erkl\u00e4rung bei Bedarf zu aktualisieren, um sie an ge\u00e4nderte gesetzliche Vorgaben oder technische Entwicklungen anzupassen.<\/p>\n\n\n\n<hr class=\"wp-block-separator has-alpha-channel-opacity\"\/>\n\n\n\n<p><strong>Garage Hohenlimburg GmbH<\/strong><br>Iserlohner Stra\u00dfe 34 | 58119 Hagen<br>Telefon 02334 2012 | E-Mail <a>info@garagehohenlimburg.de<\/a><\/p>\n","protected":false},"excerpt":{"rendered":"<p>1. Verantwortlicher Garage Hohenlimburg GmbHIserlohner Stra\u00dfe 3458119 HagenDeutschland Telefon: 02334 2012E-Mail: info@garagehohenlimburg.de Vertreten durch den Gesch\u00e4ftsf\u00fchrer: Herr Maximilian Gehrke 2. Allgemeines zur Datenverarbeitung Wir nehmen den Schutz Ihrer pers\u00f6nlichen Daten sehr ernst. Personenbezogene Daten werden vertraulich und entsprechend den gesetzlichen Datenschutzvorschriften (insbesondere DSGVO und BDSG) behandelt. Die Nutzung unserer Website ist grunds\u00e4tzlich ohne Angabe personenbezogener [&hellip;]<\/p>\n","protected":false},"author":1,"featured_media":0,"parent":0,"menu_order":0,"comment_status":"closed","ping_status":"closed","template":"","meta":{"_et_pb_use_builder":"off","_et_pb_old_content":"","_et_gb_content_width":"","footnotes":""},"class_list":["post-41","page","type-page","status-publish","hentry"],"_links":{"self":[{"href":"https:\/\/garagehohenlimburg.de\/index.php\/wp-json\/wp\/v2\/pages\/41","targetHints":{"allow":["GET"]}}],"collection":[{"href":"https:\/\/garagehohenlimburg.de\/index.php\/wp-json\/wp\/v2\/pages"}],"about":[{"href":"https:\/\/garagehohenlimburg.de\/index.php\/wp-json\/wp\/v2\/types\/page"}],"author":[{"embeddable":true,"href":"https:\/\/garagehohenlimburg.de\/index.php\/wp-json\/wp\/v2\/users\/1"}],"replies":[{"embeddable":true,"href":"https:\/\/garagehohenlimburg.de\/index.php\/wp-json\/wp\/v2\/comments?post=41"}],"version-history":[{"count":5,"href":"https:\/\/garagehohenlimburg.de\/index.php\/wp-json\/wp\/v2\/pages\/41\/revisions"}],"predecessor-version":[{"id":464,"href":"https:\/\/garagehohenlimburg.de\/index.php\/wp-json\/wp\/v2\/pages\/41\/revisions\/464"}],"wp:attachment":[{"href":"https:\/\/garagehohenlimburg.de\/index.php\/wp-json\/wp\/v2\/media?parent=41"}],"curies":[{"name":"wp","href":"https:\/\/api.w.org\/{rel}","templated":true}]}}